{"id":319,"date":"2025-05-10T11:13:33","date_gmt":"2025-05-10T09:13:33","guid":{"rendered":"https:\/\/aresima.antropologiamadrid.org\/?page_id=319"},"modified":"2025-05-14T18:06:20","modified_gmt":"2025-05-14T16:06:20","slug":"el-ovulario","status":"publish","type":"page","link":"https:\/\/aresima.antropologiamadrid.org\/?page_id=319","title":{"rendered":"Seminario Permanente"},"content":{"rendered":"\n<p>El Seminario es un espacio para hablar de religi\u00f3n y espiritualidad desde una perspectiva antropol\u00f3gica: Un espacio donde trabajar teor\u00edas, revisar bibliograf\u00edas, presentar art\u00edculos previos a su publicaci\u00f3n (o ya publicados) para debatirlos, presentar Trabajos de Fin de M\u00e1ster, de Grado, Tesis Doctorales, etc.<\/p>\n\n\n\n<p>Un proyecto que nos ronda la cabeza es transformar el \u00abSEMINARIO INTERNO\u00bb en un \u00abOVULARIO INTERNO\u00bb, un cambio de metodolog\u00eda de trabajo que creemos que puede dar frutos interesantes. Un avance lo tienes <a href=\"https:\/\/aresima.antropologiamadrid.org\/?p=335\">AQU\u00cd<\/a>.<\/p>\n\n\n\n<p class=\"has-medium-font-size\" style=\"text-transform:uppercase\">COORDINADORA DEL Seminario permanente DEL ARESIMA: <strong>ELEONORA BORDOGNI<\/strong><\/p>\n\n\n\n<p>Si deseas participar en nuestro Seminario, escr\u00edbenos: ARESIMA@ANTROPOLOGIAMADRID.ORG<\/p>\n\n\n\n<hr class=\"wp-block-separator has-alpha-channel-opacity\"\/>\n\n\n<div class=\"wp-block-themeisle-blocks-sharing-icons\" id=\"wp-block-themeisle-blocks-sharing-icons-d28536af\"><div class=\"social-icons-wrap\"><a class=\"social-icon is-whatsapp\" aria-label=\"Share on WhatsApp\" href=\"https:\/\/api.whatsapp.com\/send?text=https:\/\/aresima.antropologiamadrid.org\/index.php?rest_route=%2Fwp%2Fv2%2Fpages%2F319\" target=\"_blank\"><svg aria-hidden=\"true\" xmlns=\"http:\/\/www.w3.org\/2000\/svg\" viewBox=\"0 0 448 512\"><!--!Font Awesome Free 6.6.0 by @fontawesome - https:\/\/fontawesome.com License - https:\/\/fontawesome.com\/license\/free Copyright 2024 Fonticons, Inc.--><path d=\"M380.9 97.1C339 55.1 283.2 32 223.9 32c-122.4 0-222 99.6-222 222 0 39.1 10.2 77.3 29.6 111L0 480l117.7-30.9c32.4 17.7 68.9 27 106.1 27h.1c122.3 0 224.1-99.6 224.1-222 0-59.3-25.2-115-67.1-157zm-157 341.6c-33.2 0-65.7-8.9-94-25.7l-6.7-4-69.8 18.3L72 359.2l-4.4-7c-18.5-29.4-28.2-63.3-28.2-98.2 0-101.7 82.8-184.5 184.6-184.5 49.3 0 95.6 19.2 130.4 54.1 34.8 34.9 56.2 81.2 56.1 130.5 0 101.8-84.9 184.6-186.6 184.6zm101.2-138.2c-5.5-2.8-32.8-16.2-37.9-18-5.1-1.9-8.8-2.8-12.5 2.8-3.7 5.6-14.3 18-17.6 21.8-3.2 3.7-6.5 4.2-12 1.4-32.6-16.3-54-29.1-75.5-66-5.7-9.8 5.7-9.1 16.3-30.3 1.8-3.7 .9-6.9-.5-9.7-1.4-2.8-12.5-30.1-17.1-41.2-4.5-10.8-9.1-9.3-12.5-9.5-3.2-.2-6.9-.2-10.6-.2-3.7 0-9.7 1.4-14.8 6.9-5.1 5.6-19.4 19-19.4 46.3 0 27.3 19.9 53.7 22.6 57.4 2.8 3.7 39.1 59.7 94.8 83.8 35.2 15.2 49 16.5 66.6 13.9 10.7-1.6 32.8-13.4 37.4-26.4 4.6-13 4.6-24.1 3.2-26.4-1.3-2.5-5-3.9-10.5-6.6z\"\/><\/svg><span class=\"v-line\"><\/span>WhatsApp<\/a><a class=\"social-icon is-email\" aria-label=\"Share via Email\" href=\"mailto:?subject=Seminario%20Permanente&#038;body=https:\/\/aresima.antropologiamadrid.org\/index.php?rest_route=%2Fwp%2Fv2%2Fpages%2F319\" target=\"_blank\"><svg aria-hidden=\"true\" xmlns=\"http:\/\/www.w3.org\/2000\/svg\" viewBox=\"0 0 512 512\"><!--!Font Awesome Free 6.6.0 by @fontawesome - https:\/\/fontawesome.com License - https:\/\/fontawesome.com\/license\/free Copyright 2024 Fonticons, Inc.--><path d=\"M48 64C21.5 64 0 85.5 0 112c0 15.1 7.1 29.3 19.2 38.4L236.8 313.6c11.4 8.5 27 8.5 38.4 0L492.8 150.4c12.1-9.1 19.2-23.3 19.2-38.4c0-26.5-21.5-48-48-48L48 64zM0 176L0 384c0 35.3 28.7 64 64 64l384 0c35.3 0 64-28.7 64-64l0-208L294.4 339.2c-22.8 17.1-54 17.1-76.8 0L0 176z\"\/><\/svg><span class=\"v-line\"><\/span>Email<\/a><a class=\"social-icon is-telegram\" aria-label=\"Share on Telegram\" href=\"https:\/\/telegram.me\/share\/url?url=https:\/\/aresima.antropologiamadrid.org\/index.php?rest_route=%2Fwp%2Fv2%2Fpages%2F319&#038;text=Seminario%20Permanente\" target=\"_blank\"><svg aria-hidden=\"true\" xmlns=\"http:\/\/www.w3.org\/2000\/svg\" viewBox=\"0 0 496 512\"><!--!Font Awesome Free 6.6.0 by @fontawesome - https:\/\/fontawesome.com License - https:\/\/fontawesome.com\/license\/free Copyright 2024 Fonticons, Inc.--><path d=\"M248 8C111 8 0 119 0 256S111 504 248 504 496 393 496 256 385 8 248 8zM363 176.7c-3.7 39.2-19.9 134.4-28.1 178.3-3.5 18.6-10.3 24.8-16.9 25.4-14.4 1.3-25.3-9.5-39.3-18.7-21.8-14.3-34.2-23.2-55.3-37.2-24.5-16.1-8.6-25 5.3-39.5 3.7-3.8 67.1-61.5 68.3-66.7 .2-.7 .3-3.1-1.2-4.4s-3.6-.8-5.1-.5q-3.3 .7-104.6 69.1-14.8 10.2-26.9 9.9c-8.9-.2-25.9-5-38.6-9.1-15.5-5-27.9-7.7-26.8-16.3q.8-6.7 18.5-13.7 108.4-47.2 144.6-62.3c68.9-28.6 83.2-33.6 92.5-33.8 2.1 0 6.6 .5 9.6 2.9a10.5 10.5 0 0 1 3.5 6.7A43.8 43.8 0 0 1 363 176.7z\"\/><\/svg><span class=\"v-line\"><\/span>Tel\u00e9gram<\/a><\/div><\/div>\n\n\n<p><\/p>\n","protected":false},"excerpt":{"rendered":"<p>El Seminario es un espacio para hablar de religi\u00f3n y espiritualidad desde una perspectiva antropol\u00f3gica: Un espacio donde trabajar teor\u00edas, revisar bibliograf\u00edas, presentar art\u00edculos previos a su publicaci\u00f3n (o ya&hellip;&nbsp;<a href=\"https:\/\/aresima.antropologiamadrid.org\/?page_id=319\" class=\"\" rel=\"bookmark\">Leer m\u00e1s &raquo;<span class=\"screen-reader-text\">Seminario Permanente<\/span><\/a><\/p>\n","protected":false},"author":2,"featured_media":0,"parent":0,"menu_order":0,"comment_status":"closed","ping_status":"closed","template":"","meta":{"neve_meta_sidebar":"","neve_meta_container":"","neve_meta_enable_content_width":"","neve_meta_content_width":0,"neve_meta_title_alignment":"","neve_meta_author_avatar":"","neve_post_elements_order":"","neve_meta_disable_header":"","neve_meta_disable_footer":"","neve_meta_disable_title":"","_themeisle_gutenberg_block_has_review":false,"footnotes":""},"class_list":["post-319","page","type-page","status-publish","hentry"],"_links":{"self":[{"href":"https:\/\/aresima.antropologiamadrid.org\/index.php?rest_route=\/wp\/v2\/pages\/319","targetHints":{"allow":["GET"]}}],"collection":[{"href":"https:\/\/aresima.antropologiamadrid.org\/index.php?rest_route=\/wp\/v2\/pages"}],"about":[{"href":"https:\/\/aresima.antropologiamadrid.org\/index.php?rest_route=\/wp\/v2\/types\/page"}],"author":[{"embeddable":true,"href":"https:\/\/aresima.antropologiamadrid.org\/index.php?rest_route=\/wp\/v2\/users\/2"}],"replies":[{"embeddable":true,"href":"https:\/\/aresima.antropologiamadrid.org\/index.php?rest_route=%2Fwp%2Fv2%2Fcomments&post=319"}],"version-history":[{"count":11,"href":"https:\/\/aresima.antropologiamadrid.org\/index.php?rest_route=\/wp\/v2\/pages\/319\/revisions"}],"predecessor-version":[{"id":353,"href":"https:\/\/aresima.antropologiamadrid.org\/index.php?rest_route=\/wp\/v2\/pages\/319\/revisions\/353"}],"wp:attachment":[{"href":"https:\/\/aresima.antropologiamadrid.org\/index.php?rest_route=%2Fwp%2Fv2%2Fmedia&parent=319"}],"curies":[{"name":"wp","href":"https:\/\/api.w.org\/{rel}","templated":true}]}}